{"id":6501,"date":"2016-07-20T21:42:38","date_gmt":"2016-07-20T21:42:38","guid":{"rendered":"http:\/\/www.expatassure.com\/fr\/?page_id=6501"},"modified":"2018-05-21T11:15:45","modified_gmt":"2018-05-21T10:15:45","slug":"conditions-generales-du-site","status":"publish","type":"page","link":"https:\/\/www.expatassure.com\/fr\/conditions-generales-du-site\/","title":{"rendered":"Conditions g\u00e9n\u00e9rales du site"},"content":{"rendered":"<p style=\"text-align: justify;\"><strong>A propos de nous <\/strong><\/p>\n<p style=\"text-align: justify;\">Expat Assure est le nom commercial de Lepr\u00eatre Insurance Services Limited, autoris\u00e9 et r\u00e9gul\u00e9 par le Financial Conduct Authority du Royaume-Uni sous le num\u00e9ro 511230.\u00a0Les r\u00e8gles du FCA sont accessibles sur le site\u00a0 <a href=\"http:\/\/www.fca.org.uk\">www.fca.org.uk<\/a>.<\/p>\n<p style=\"text-align: justify;\">Lepr\u00eatre Insurance Services Limited est enregistr\u00e9 en Angleterre et au Pays de Galles sous le num\u00e9ro 5862006.<\/p>\n<p style=\"text-align: justify;\">Le site <a href=\"https:\/\/www.expatassure.com\">expatassure.com<\/a> est g\u00e9r\u00e9 par Fusion3media.<\/p>\n<p style=\"text-align: justify;\"><strong>Copyright et marque d\u00e9pos\u00e9e<\/strong><\/p>\n<p style=\"text-align: justify;\">\u00a9 2014 Expat Assure, tous droits r\u00e9serv\u00e9s. Le\u00a0logo Expat Assure est une marque d\u00e9pos\u00e9e d\u2019Expat Assure.<\/p>\n<p style=\"text-align: justify;\"><strong>Protection des donn\u00e9es \u00e0 caract\u00e8re personnel<\/strong><\/p>\n<p style=\"text-align: justify;\">Nous nous engageons \u00e0 garantir la protection de vos donn\u00e9es personnelles. Nous utilisons vos informations personnelles dans les limites de la loi europ\u00e9enne et en conformit\u00e9 avec le r\u00e8glement g\u00e9n\u00e9ral sur la protection des donn\u00e9es (RGPD) .<\/p>\n<p style=\"text-align: justify;\"><strong>Informations que nous recueillons<\/strong><\/p>\n<p style=\"text-align: justify;\">Si vous remplissez un formulaire de demande de comparatif, nous recueillons les informations suivantes afin de pouvoir r\u00e9pondre \u00e0 votre demande et de pr\u00e9parer un devis :<\/p>\n<p style=\"text-align: justify;\">Votre nom et date de naissance<\/p>\n<p style=\"text-align: justify;\">Votre profession et nationalit\u00e9<\/p>\n<p style=\"text-align: justify;\">Le nom de vos ayants-droit et leur date de naissance<\/p>\n<p style=\"text-align: justify;\">Votre adresse email et votre num\u00e9ro de t\u00e9l\u00e9phone.<\/p>\n<p style=\"text-align: justify;\">Nous vous t\u00e9l\u00e9phonons ensuite pour cerner votre situation et vos besoins sp\u00e9cifiques en termes d&rsquo;assurance. Dans ce cadre, nous pouvons vous demander des informations sur les conditions m\u00e9dicales pour lesquelles vous souhaitez \u00eatre couvert.<\/p>\n<p style=\"text-align: justify;\"><strong>Comment vos informations sont-elles utilis\u00e9es<\/strong><\/p>\n<p style=\"text-align: justify;\">Ces informations sont prot\u00e9g\u00e9es et conserv\u00e9es en accord avec le Data Protection Act 1998 du Royaume-Uni et le GDPR europ\u00e9en. Elles ne sont pas donn\u00e9es \u00e0 des tiers, \u00e0 l\u2019exception des compagnies d\u2019assurances \u00e0 qui nous demandons un devis en votre nom.<\/p>\n<p style=\"text-align: justify;\">Votre adresse email ne sera pas vendue, lou\u00e9e ou conc\u00e9d\u00e9e \u00e0 des tiers.<\/p>\n<p style=\"text-align: justify;\">Vous pouvez recevoir des emails, envoy\u00e9s par nous uniquement, vous informant de nos services et actualit\u00e9s, telles que les heures et jours d&rsquo;ouverture de nos bureaux \u00e0 la p\u00e9riode des f\u00eates de fin d&rsquo;ann\u00e9e.<\/p>\n<p style=\"text-align: justify;\"><strong>Contr\u00f4le de vos informations personnelles<\/strong><\/p>\n<p style=\"text-align: justify;\">En conformit\u00e9 avec le GDPR, vous pouvez demander d\u2019acc\u00e9der aux informations personnelles que nous poss\u00e9dons \u00e0 votre sujet. Si vous souhaitez une copie des informations que nous d\u00e9tenons \u00e0 votre sujet ou si vous ne souhaitez plus recevoir de communication de notre part, merci de nous contacter.<\/p>\n<p style=\"text-align: justify;\"><strong>Clause de non-responsabilit\u00e9 sur les informations contenues sur <\/strong><a href=\"http:\/\/expatassure.com\"><strong>expatassure.com<\/strong><\/a><\/p>\n<p style=\"text-align: justify;\">Les informations contenues sur ce site internet ont une valeur informative uniquement et ne se substituent pas au conseil personnalis\u00e9 d\u00e9livr\u00e9 par nos consultants.<\/p>\n<p style=\"text-align: justify;\">Expat Assure ne peut garantir et ne fait aucune d\u00e9claration quant \u00e0 l\u2019exactitude, l\u2019exhaustivit\u00e9 et la fiabilit\u00e9 des informations contenues sur ce site internet.<\/p>\n<p style=\"text-align: justify;\">Bien que le contenu du site internet soit mis \u00e0 jour r\u00e9guli\u00e8rement, Expat Assure ne peut \u00eatre tenu pour responsable de la modification des dispositions juridiques et administratives survenant apr\u00e8s publication.<\/p>\n<p style=\"text-align: justify;\"><strong>Disponibilit\u00e9 d\u2019<\/strong><strong>expatassure.com<\/strong><\/p>\n<p style=\"text-align: justify;\">La responsabilit\u00e9 d\u2019Expat Assure ne peut \u00eatre engag\u00e9e si le site internet est temporairement indisponible, en raison de probl\u00e8mes techniques hors de notre contr\u00f4le.<\/p>\n<p style=\"text-align: justify;\"><strong>Liens vers d\u2019autres sites internet<\/strong><\/p>\n<p style=\"text-align: justify;\">Notre site internet peut contenir des liens vers d\u2019autres sites susceptibles de vous int\u00e9resser. Cependant, nous n\u2019avons pas de contr\u00f4le sur la nature, le contenu et la disponibilit\u00e9 de ces sites. Nous ne pouvons pas \u00eatre tenus responsables concernant la protection des donn\u00e9es ou toute information que vous fournissez lorsque vous visiter ces sites. Ces sites ne sont pas r\u00e9gul\u00e9s par les conditions g\u00e9n\u00e9rales d\u2019utilisation d\u2019expatassure.com.<\/p>\n<p style=\"text-align: justify;\"><strong>Cookies<\/strong><\/p>\n<p style=\"text-align: justify;\">Notre site internet capture automatiquement certaines donn\u00e9es de suivi (les cookies). Un cookie est un petit fichier texte envoy\u00e9 \u00e0 votre navigateur via le site internet consult\u00e9. Les cookies permettent de m\u00e9moriser vos pr\u00e9f\u00e9rences pour vos prochaines visites du site. Les cookies peuvent aussi \u00eatre utilis\u00e9s pour recenser vos futures visites du site.<\/p>\n<p style=\"text-align: justify;\">Ceci nous permet d&rsquo;identifier les sujets qui interessent le plus nos visiteurs. Les donn\u00e9es de suivi sont captur\u00e9es automatiquement lorsque vous avez trouv\u00e9 notre site en suivant un lien hypertexte sur un autre site web, ou en suivant votre navigation sur le site d&rsquo;expatassure.com. Le cheminement des usagers sur notre site internet nous donne un aper\u00e7u de ce qui int\u00e9resse les personnes qui visitent notre site.<\/p>\n<p style=\"text-align: justify;\">Aucune information pouvant vous identifier personnellement n&rsquo;est captur\u00e9e. Nous utilisons des donn\u00e9es agr\u00e9g\u00e9es pour compiler des statistiques et observer les tendances d&rsquo;usages du site.<\/p>\n<p style=\"text-align: justify;\">Comme dans d\u2019autres sites internet, les fichiers texte sont stock\u00e9s sur le serveur web, qui sauvegarde des donn\u00e9es telles que l\u2019adresse IP du visiteur, le type de navigateur utilis\u00e9, la page de r\u00e9f\u00e9rence et l\u2019heure de la visite.<\/p>\n<p style=\"text-align: justify;\"><strong>Options de l\u2019usager<\/strong><\/p>\n<p style=\"text-align: justify;\">Vous pouvez bloquer les cookies via les param\u00e8tres de votre navigateur internet mais cela peut vous emp\u00eacher d\u2019acc\u00e9der \u00e0 certaines fonctionnalit\u00e9s de notre site.<\/p>\n<p><!--:--><\/p>\n","protected":false},"excerpt":{"rendered":"<p>A propos de nous Expat Assure est le nom commercial de Lepr\u00eatre Insurance Services Limited, autoris\u00e9 et r\u00e9gul\u00e9 par le Financial Conduct Authority du Royaume-Uni sous le num\u00e9ro 511230.\u00a0Les r\u00e8gles du FCA sont accessibles sur le site\u00a0 www.fca.org.uk. Lepr\u00eatre Insurance Services Limited est enregistr\u00e9 en Angleterre et au Pays de Galles sous le num\u00e9ro 5862006. [&hellip;]<\/p>\n","protected":false},"author":12312407,"featured_media":0,"parent":0,"menu_order":0,"comment_status":"open","ping_status":"open","template":"","meta":{"_et_pb_use_builder":"on","_et_pb_old_content":"","_et_gb_content_width":"","footnotes":""},"class_list":["post-6501","page","type-page","status-publish","hentry"],"yoast_head":"<!-- This site is optimized with the Yoast SEO plugin v23.5 - https:\/\/yoast.com\/wordpress\/plugins\/seo\/ -->\n<title>Conditions g\u00e9n\u00e9rales du site - Expat Assure | Insurance for Expatriates<\/title>\n<meta name=\"robots\" content=\"index, follow, max-snippet:-1, max-image-preview:large, max-video-preview:-1\" \/>\n<link rel=\"canonical\" href=\"https:\/\/www.expatassure.com\/fr\/conditions-generales-du-site\/\" \/>\n<meta property=\"og:locale\" content=\"fr_FR\" \/>\n<meta property=\"og:type\" content=\"article\" \/>\n<meta property=\"og:title\" content=\"Conditions g\u00e9n\u00e9rales du site - Expat Assure | Insurance for Expatriates\" \/>\n<meta property=\"og:description\" content=\"A propos de nous Expat Assure est le nom commercial de Lepr\u00eatre Insurance Services Limited, autoris\u00e9 et r\u00e9gul\u00e9 par le Financial Conduct Authority du Royaume-Uni sous le num\u00e9ro 511230.\u00a0Les r\u00e8gles du FCA sont accessibles sur le site\u00a0 www.fca.org.uk. Lepr\u00eatre Insurance Services Limited est enregistr\u00e9 en Angleterre et au Pays de Galles sous le num\u00e9ro 5862006. [&hellip;]\" \/>\n<meta property=\"og:url\" content=\"https:\/\/www.expatassure.com\/fr\/conditions-generales-du-site\/\" \/>\n<meta property=\"og:site_name\" content=\"Expat Assure | Insurance for Expatriates\" \/>\n<meta property=\"article:publisher\" content=\"https:\/\/www.facebook.com\/ExpatAssure\" \/>\n<meta property=\"article:modified_time\" content=\"2018-05-21T10:15:45+00:00\" \/>\n<meta name=\"twitter:card\" content=\"summary_large_image\" \/>\n<meta name=\"twitter:site\" content=\"@ExpatAssure\" \/>\n<meta name=\"twitter:label1\" content=\"Dur\u00e9e de lecture estim\u00e9e\" \/>\n\t<meta name=\"twitter:data1\" content=\"4 minutes\" \/>\n<script type=\"application\/ld+json\" class=\"yoast-schema-graph\">{\"@context\":\"https:\/\/schema.org\",\"@graph\":[{\"@type\":\"WebPage\",\"@id\":\"https:\/\/www.expatassure.com\/fr\/conditions-generales-du-site\/\",\"url\":\"https:\/\/www.expatassure.com\/fr\/conditions-generales-du-site\/\",\"name\":\"Conditions g\u00e9n\u00e9rales du site - Expat Assure | Insurance for Expatriates\",\"isPartOf\":{\"@id\":\"https:\/\/www.expatassure.com\/fr\/#website\"},\"datePublished\":\"2016-07-20T21:42:38+00:00\",\"dateModified\":\"2018-05-21T10:15:45+00:00\",\"breadcrumb\":{\"@id\":\"https:\/\/www.expatassure.com\/fr\/conditions-generales-du-site\/#breadcrumb\"},\"inLanguage\":\"fr-FR\",\"potentialAction\":[{\"@type\":\"ReadAction\",\"target\":[\"https:\/\/www.expatassure.com\/fr\/conditions-generales-du-site\/\"]}]},{\"@type\":\"BreadcrumbList\",\"@id\":\"https:\/\/www.expatassure.com\/fr\/conditions-generales-du-site\/#breadcrumb\",\"itemListElement\":[{\"@type\":\"ListItem\",\"position\":1,\"name\":\"Accueil\",\"item\":\"https:\/\/www.expatassure.com\/fr\/\"},{\"@type\":\"ListItem\",\"position\":2,\"name\":\"Conditions g\u00e9n\u00e9rales du site\"}]},{\"@type\":\"WebSite\",\"@id\":\"https:\/\/www.expatassure.com\/fr\/#website\",\"url\":\"https:\/\/www.expatassure.com\/fr\/\",\"name\":\"Expat Assure | Insurance for Expatriates\",\"description\":\"Assurances sant\u00e9 internationales et pr\u00e9voyance\",\"publisher\":{\"@id\":\"https:\/\/www.expatassure.com\/fr\/#organization\"},\"potentialAction\":[{\"@type\":\"SearchAction\",\"target\":{\"@type\":\"EntryPoint\",\"urlTemplate\":\"https:\/\/www.expatassure.com\/fr\/?s={search_term_string}\"},\"query-input\":{\"@type\":\"PropertyValueSpecification\",\"valueRequired\":true,\"valueName\":\"search_term_string\"}}],\"inLanguage\":\"fr-FR\"},{\"@type\":\"Organization\",\"@id\":\"https:\/\/www.expatassure.com\/fr\/#organization\",\"name\":\"Expat Assure\",\"url\":\"https:\/\/www.expatassure.com\/fr\/\",\"logo\":{\"@type\":\"ImageObject\",\"inLanguage\":\"fr-FR\",\"@id\":\"https:\/\/www.expatassure.com\/fr\/#\/schema\/logo\/image\/\",\"url\":\"https:\/\/www.expatassure.com\/wp-content\/uploads\/2016\/08\/Expat-Logo.jpg\",\"contentUrl\":\"https:\/\/www.expatassure.com\/wp-content\/uploads\/2016\/08\/Expat-Logo.jpg\",\"width\":450,\"height\":133,\"caption\":\"Expat Assure\"},\"image\":{\"@id\":\"https:\/\/www.expatassure.com\/fr\/#\/schema\/logo\/image\/\"},\"sameAs\":[\"https:\/\/www.facebook.com\/ExpatAssure\",\"https:\/\/x.com\/ExpatAssure\",\"https:\/\/www.linkedin.com\/company\/expat-assure\"]}]}<\/script>\n<!-- \/ Yoast SEO plugin. -->","yoast_head_json":{"title":"Conditions g\u00e9n\u00e9rales du site - Expat Assure | Insurance for Expatriates","robots":{"index":"index","follow":"follow","max-snippet":"max-snippet:-1","max-image-preview":"max-image-preview:large","max-video-preview":"max-video-preview:-1"},"canonical":"https:\/\/www.expatassure.com\/fr\/conditions-generales-du-site\/","og_locale":"fr_FR","og_type":"article","og_title":"Conditions g\u00e9n\u00e9rales du site - Expat Assure | Insurance for Expatriates","og_description":"A propos de nous Expat Assure est le nom commercial de Lepr\u00eatre Insurance Services Limited, autoris\u00e9 et r\u00e9gul\u00e9 par le Financial Conduct Authority du Royaume-Uni sous le num\u00e9ro 511230.\u00a0Les r\u00e8gles du FCA sont accessibles sur le site\u00a0 www.fca.org.uk. Lepr\u00eatre Insurance Services Limited est enregistr\u00e9 en Angleterre et au Pays de Galles sous le num\u00e9ro 5862006. [&hellip;]","og_url":"https:\/\/www.expatassure.com\/fr\/conditions-generales-du-site\/","og_site_name":"Expat Assure | Insurance for Expatriates","article_publisher":"https:\/\/www.facebook.com\/ExpatAssure","article_modified_time":"2018-05-21T10:15:45+00:00","twitter_card":"summary_large_image","twitter_site":"@ExpatAssure","twitter_misc":{"Dur\u00e9e de lecture estim\u00e9e":"4 minutes"},"schema":{"@context":"https:\/\/schema.org","@graph":[{"@type":"WebPage","@id":"https:\/\/www.expatassure.com\/fr\/conditions-generales-du-site\/","url":"https:\/\/www.expatassure.com\/fr\/conditions-generales-du-site\/","name":"Conditions g\u00e9n\u00e9rales du site - Expat Assure | Insurance for Expatriates","isPartOf":{"@id":"https:\/\/www.expatassure.com\/fr\/#website"},"datePublished":"2016-07-20T21:42:38+00:00","dateModified":"2018-05-21T10:15:45+00:00","breadcrumb":{"@id":"https:\/\/www.expatassure.com\/fr\/conditions-generales-du-site\/#breadcrumb"},"inLanguage":"fr-FR","potentialAction":[{"@type":"ReadAction","target":["https:\/\/www.expatassure.com\/fr\/conditions-generales-du-site\/"]}]},{"@type":"BreadcrumbList","@id":"https:\/\/www.expatassure.com\/fr\/conditions-generales-du-site\/#breadcrumb","itemListElement":[{"@type":"ListItem","position":1,"name":"Accueil","item":"https:\/\/www.expatassure.com\/fr\/"},{"@type":"ListItem","position":2,"name":"Conditions g\u00e9n\u00e9rales du site"}]},{"@type":"WebSite","@id":"https:\/\/www.expatassure.com\/fr\/#website","url":"https:\/\/www.expatassure.com\/fr\/","name":"Expat Assure | Insurance for Expatriates","description":"Assurances sant\u00e9 internationales et pr\u00e9voyance","publisher":{"@id":"https:\/\/www.expatassure.com\/fr\/#organization"},"potentialAction":[{"@type":"SearchAction","target":{"@type":"EntryPoint","urlTemplate":"https:\/\/www.expatassure.com\/fr\/?s={search_term_string}"},"query-input":{"@type":"PropertyValueSpecification","valueRequired":true,"valueName":"search_term_string"}}],"inLanguage":"fr-FR"},{"@type":"Organization","@id":"https:\/\/www.expatassure.com\/fr\/#organization","name":"Expat Assure","url":"https:\/\/www.expatassure.com\/fr\/","logo":{"@type":"ImageObject","inLanguage":"fr-FR","@id":"https:\/\/www.expatassure.com\/fr\/#\/schema\/logo\/image\/","url":"https:\/\/www.expatassure.com\/wp-content\/uploads\/2016\/08\/Expat-Logo.jpg","contentUrl":"https:\/\/www.expatassure.com\/wp-content\/uploads\/2016\/08\/Expat-Logo.jpg","width":450,"height":133,"caption":"Expat Assure"},"image":{"@id":"https:\/\/www.expatassure.com\/fr\/#\/schema\/logo\/image\/"},"sameAs":["https:\/\/www.facebook.com\/ExpatAssure","https:\/\/x.com\/ExpatAssure","https:\/\/www.linkedin.com\/company\/expat-assure"]}]}},"_links":{"self":[{"href":"https:\/\/www.expatassure.com\/fr\/wp-json\/wp\/v2\/pages\/6501"}],"collection":[{"href":"https:\/\/www.expatassure.com\/fr\/wp-json\/wp\/v2\/pages"}],"about":[{"href":"https:\/\/www.expatassure.com\/fr\/wp-json\/wp\/v2\/types\/page"}],"author":[{"embeddable":true,"href":"https:\/\/www.expatassure.com\/fr\/wp-json\/wp\/v2\/users\/12312407"}],"replies":[{"embeddable":true,"href":"https:\/\/www.expatassure.com\/fr\/wp-json\/wp\/v2\/comments?post=6501"}],"version-history":[{"count":5,"href":"https:\/\/www.expatassure.com\/fr\/wp-json\/wp\/v2\/pages\/6501\/revisions"}],"predecessor-version":[{"id":9383,"href":"https:\/\/www.expatassure.com\/fr\/wp-json\/wp\/v2\/pages\/6501\/revisions\/9383"}],"wp:attachment":[{"href":"https:\/\/www.expatassure.com\/fr\/wp-json\/wp\/v2\/media?parent=6501"}],"curies":[{"name":"wp","href":"https:\/\/api.w.org\/{rel}","templated":true}]}}